{"id":1054,"date":"2022-05-22T20:23:47","date_gmt":"2022-05-22T18:23:47","guid":{"rendered":"https:\/\/roch.pl\/?page_id=1054"},"modified":"2022-10-17T11:45:07","modified_gmt":"2022-10-17T09:45:07","slug":"offer","status":"publish","type":"page","link":"https:\/\/roch.pl\/en\/power-hydraulics\/offer\/","title":{"rendered":"Offer"},"content":{"rendered":"<p>[et_pb_section fb_built=&#8221;1&#8243; inner_shadow=&#8221;on&#8221; module_class=&#8221;sec-koparka&#8221; _builder_version=&#8221;4.17.6&#8243; _module_preset=&#8221;default&#8221; background_image=&#8221;https:\/\/roch.pl\/wp-content\/uploads\/2022\/07\/tlo-wyszukaj-1.webp&#8221; module_alignment=&#8221;center&#8221; height=&#8221;725px&#8221; global_module=&#8221;1410&#8243; saved_tabs=&#8221;all&#8221; global_colors_info=&#8221;{}&#8221;][et_pb_row use_custom_gutter=&#8221;on&#8221; module_class=&#8221;szuk-simple&#8221; _builder_version=&#8221;4.17.4&#8243; _module_preset=&#8221;default&#8221; max_width=&#8221;1080px&#8221; module_alignment=&#8221;center&#8221; global_colors_info=&#8221;{}&#8221;][et_pb_column type=&#8221;4_4&#8243; _builder_version=&#8221;4.17.3&#8243; _module_preset=&#8221;default&#8221; global_colors_info=&#8221;{}&#8221;][et_pb_post_title meta=&#8221;off&#8221; featured_image=&#8221;off&#8221; text_color=&#8221;light&#8221; _builder_version=&#8221;4.17.3&#8243; _module_preset=&#8221;default&#8221; title_font=&#8221;|600||on|||||&#8221; title_font_size=&#8221;48px&#8221; background_enable_image=&#8221;off&#8221; text_orientation=&#8221;center&#8221; custom_margin=&#8221;||8px|||&#8221; global_colors_info=&#8221;{}&#8221;][\/et_pb_post_title][et_pb_text _builder_version=&#8221;4.18.0&#8243; _module_preset=&#8221;default&#8221; text_orientation=&#8221;center&#8221; background_layout=&#8221;dark&#8221; custom_margin=&#8221;-4px||22px|||&#8221; global_colors_info=&#8221;{}&#8221;]<\/p>\n<p>Search from 20 000 available parts for machines and devices<\/p>\n<p>[\/et_pb_text][et_pb_text _builder_version=&#8221;4.17.4&#8243; _module_preset=&#8221;default&#8221; global_colors_info=&#8221;{}&#8221;]<\/p>\n<div class=\"et_pb_module et_pb_search et_pb_search_0  et_pb_text_align_left et_pb_bg_layout_light\"><form role=\"search\" method=\"get\" class=\"et_pb_searchform1\" action=\"https:\/\/roch.pl\/en\/en\/power-hydraulics\/offer\/\">\r\n<div><label class=\"screen-reader-text\" for=\"s\">Szukaj:<\/label><input type=\"text\" name=\"wyszukaj\" min=\"3\" max=\"30\" class=\"et_pb_s blubrd\" style=\"padding-right: 71.5333px;\" placeholder=\"name, symbol, number from the nameplate\">\r\n<DIV style=\"float:right;\" class=\"katpoz\"><DIV class=\"sep2x20 sepa1\"><\/DIV><select name=\"kategoria\" class=\"sel-kateg\"><option value=\"\">CATEGORY<\/option><option value=\"pompy\">Pumps<\/option><option value=\"hydromotory\">Hydromotors<\/option><option value=\"rozdzielacze\">Distributors<\/option><option value=\"silowniki\">Cylinders<\/option><option value=\"obrotnice\">Swivel Joint<\/option><option value=\"zmienniki\">Distributor Gearbox<\/option><option value=\"czesci-zamienne\">Spare parts<\/option><option value=\"chlodnice\">Coolers<\/option><\/select>\t\t\t\t\t\t\t\t\t\t\r\n<DIV class=\"sep2x20 sepa2\"><\/DIV><input type=\"submit\" value=\"\" class=\" blusub arrsercz\" ><\/DIV><\/div><\/form><p style=\"text-align:center\"><a href=\"#\" class=\"zaawan swicz\">&raquo; Advanced search<\/a><\/p><\/div>\r\n\n<p>[\/et_pb_text][\/et_pb_column][\/et_pb_row][et_pb_row use_custom_gutter=&#8221;on&#8221; admin_label=&#8221;wyszukiwarka-zaawansowana&#8221; module_class=&#8221;szuk-ext&#8221; _builder_version=&#8221;4.17.4&#8243; _module_preset=&#8221;default&#8221; max_width=&#8221;1080px&#8221; module_alignment=&#8221;center&#8221; custom_css_main_element=&#8221;display:none&#8221; global_colors_info=&#8221;{}&#8221;][et_pb_column type=&#8221;4_4&#8243; _builder_version=&#8221;4.17.3&#8243; _module_preset=&#8221;default&#8221; global_colors_info=&#8221;{}&#8221;][et_pb_text module_class=&#8221;lnh12&#8243; _builder_version=&#8221;4.18.0&#8243; _module_preset=&#8221;default&#8221; text_font=&#8221;|600||on|||||&#8221; text_text_color=&#8221;#FFFFFF&#8221; text_font_size=&#8221;48px&#8221; text_orientation=&#8221;center&#8221; global_colors_info=&#8221;{}&#8221;]Advanced search[\/et_pb_text][et_pb_text _builder_version=&#8221;4.17.3&#8243; _module_preset=&#8221;default&#8221; text_orientation=&#8221;center&#8221; background_layout=&#8221;dark&#8221; custom_margin=&#8221;-4px||22px|||&#8221; global_colors_info=&#8221;{}&#8221;]<\/p>\n<p>Wyszukaj spo\u015br\u00f3d 20 000 dost\u0119pnych cz\u0119\u015bci do maszyn i urz\u0105dze\u0144<\/p>\n<p>[\/et_pb_text][et_pb_text _builder_version=&#8221;4.17.4&#8243; _module_preset=&#8221;default&#8221; global_colors_info=&#8221;{}&#8221;]<\/p>\n<div id=\"sform1\" class=\"et_pb_module et_pb_search et_pb_search_0  et_pb_text_align_left et_pb_bg_layout_light\"><form name=\"fs1\" role=\"search\" method=\"get\" class=\"et_pb_searchform2\" action=\"https:\/\/roch.pl\/en\/en\/power-hydraulics\/offer\/\"><div>\r\n\t<input type=\"text\" name=\"wyszukaj\" min=\"3\" max=\"30\" class=\"et_pb_s ext_f ext_1\" placeholder=\"Manufacturer (e.g. Caterpillar)\"><input type=\"submit\" value=\"\" class=\" ext_f ext_2\" ><input type=\"text\" name=\"typ\" min=\"2\" max=\"50\" class=\"ext_f ext_3\" style=\"\" placeholder=\"TYPE (e.g. A8V0 107)\"><input type=\"text\" name=\"machine\" min=\"2\" max=\"50\" class=\"ext_f ext_4\" style=\"\" placeholder=\"Fits machine (e.g. Liebherr R924)\">\t\t\t\t\r\n\t<\/div><\/form><p style=\"text-align:center\"><a href=\"#\" class=\"siimple swicz\">&raquo; Regular search<\/a><\/p><\/div>\r\n\t<div id=\"sform2\" class=\"et_pb_module et_pb_search et_pb_search_0  et_pb_text_align_left et_pb_bg_layout_light\" style=\"display:none\"><form name=\"fs2\" role=\"search\" method=\"get\" class=\"et_pb_searchform2\" action=\"https:\/\/roch.pl\/en\/en\/power-hydraulics\/offer\/\"><div>\r\n\t<input type=\"text\" name=\"wyszukaj\" min=\"3\" max=\"30\" class=\"et_pb_s ext_f ext_1\" placeholder=\"Manufacturer (e.g. Caterpillar)\"><input type=\"submit\" value=\"\" class=\" ext_f ext_2\" ><input type=\"text\" name=\"typ\" min=\"2\" max=\"50\" class=\"ext_f ext_3\" style=\"\" placeholder=\"TYPE (e.g. A8V0 107)\"><input type=\"text\" name=\"machine\" min=\"2\" max=\"50\" class=\"ext_f ext_4\" style=\"\" placeholder=\"Fits machine (e.g. Liebherr R924)\">\t\t\t\t\r\n\t<input type=\"hidden\" name=\"kategoria\" value=\"silowniki\"><input type=\"text\" name=\"p_l\" min=\"2\" max=\"50\" class=\"ext_f ext_5\" style=\"\" placeholder=\"L\"><input type=\"text\" name=\"p_c\" min=\"2\" max=\"50\" class=\"ext_f ext_6\" placeholder=\"C\"><input type=\"text\" name=\"p_t\" min=\"2\" max=\"50\" class=\"ext_f ext_7\" style=\"\" placeholder=\"T\">\t\t\t\t\r\n\t<input type=\"text\" name=\"p_s\" min=\"2\" max=\"50\" class=\"ext_f ext_8\" style=\"\" placeholder=\"S1\/S2\"><input type=\"text\" name=\"p_u\" min=\"2\" max=\"50\" class=\"ext_f ext_9\" placeholder=\"U1\/U2\"><div class=\"szkic\"><a href=\"#parametry\" id=\"lightbox-trigger-wymiary\" class=\"lightbox-trigger-wymiary\">See sketch with parameters<\/a><\/div>\t\r\n\t<\/div><\/form><p style=\"text-align:center\"><a href=\"#\" class=\"siimple swicz\">&raquo; Regular search<\/a><\/p><\/div>\r\n\t\n<p>[\/et_pb_text][et_pb_text admin_label=&#8221;grafika z parametrami&#8221; module_class=&#8221;lightbox-content-wymiary&#8221; _builder_version=&#8221;4.18.0&#8243; _module_preset=&#8221;default&#8221; text_text_color=&#8221;#000000&#8243; header_text_align=&#8221;center&#8221; header_text_color=&#8221;#000000&#8243; background_color=&#8221;#FFFFFF&#8221; positioning=&#8221;fixed&#8221; position_origin_f=&#8221;center_center&#8221; z_index=&#8221;215&#8243; text_orientation=&#8221;center&#8221; custom_padding=&#8221;10px|10px|10px|10px|true|true&#8221; border_radii=&#8221;on|2px|2px|2px|2px&#8221; box_shadow_style=&#8221;preset1&#8243; box_shadow_color=&#8221;#000000&#8243; global_colors_info=&#8221;{}&#8221;]<\/p>\n<p style=\"text-align: center;\"><img loading=\"lazy\" src=\"\/wp-content\/uploads\/2022\/07\/ilutracja.png\" width=\"900\" height=\"552\" alt=\"\" class=\"wp-image-7844 alignnone size-full\" srcset=\"\/wp-content\/uploads\/2022\/07\/ilutracja.png 900w, \/wp-content\/uploads\/2022\/07\/ilutracja-480x294.png 480w\" sizes=\"(min-width: 0px) and (max-width: 480px) 480px, (min-width: 481px) 900px, 100vw\" \/><\/p>\n<p style=\"text-align: center;\"><a href=\"#\" class=\"zamknij1\">[ C ]<\/a><\/p>\n<p>[\/et_pb_text][\/et_pb_column][\/et_pb_row][et_pb_row column_structure=&#8221;1_4,1_4,1_4,1_4&#8243; use_custom_gutter=&#8221;on&#8221; gutter_width=&#8221;1&#8243; admin_label=&#8221;ikony wyszukiwania na koparce&#8221; module_class=&#8221;ikony-wyszuk&#8221; _builder_version=&#8221;4.17.4&#8243; _module_preset=&#8221;default&#8221; max_width=&#8221;1080px&#8221; custom_margin=&#8221;0px||0px||true|false&#8221; custom_padding=&#8221;0px||0px||true|false&#8221; global_colors_info=&#8221;{}&#8221;][et_pb_column type=&#8221;1_4&#8243; module_class=&#8221;flexbetw&#8221; _builder_version=&#8221;4.17.4&#8243; _module_preset=&#8221;default&#8221; global_colors_info=&#8221;{}&#8221;][et_pb_blurb title=&#8221;Pumps&#8221; image=&#8221;https:\/\/roch.pl\/wp-content\/uploads\/2022\/05\/pompy-1.png&#8221; _builder_version=&#8221;4.18.0&#8243; _module_preset=&#8221;default&#8221; header_level=&#8221;h2&#8243; header_font=&#8221;|600||on|||||&#8221; header_font_size=&#8221;18px&#8221; text_orientation=&#8221;center&#8221; background_layout=&#8221;dark&#8221; animation=&#8221;off&#8221; link_option_url=&#8221;\/en\/category\/power-hydraulics\/pumps\/&#8221; global_colors_info=&#8221;{}&#8221;][\/et_pb_blurb][et_pb_blurb title=&#8221;Hydromotors&#8221; image=&#8221;https:\/\/roch.pl\/wp-content\/uploads\/2022\/05\/hydromotory-1.png&#8221; _builder_version=&#8221;4.18.0&#8243; _module_preset=&#8221;default&#8221; header_level=&#8221;h2&#8243; header_font=&#8221;|600||on|||||&#8221; header_font_size=&#8221;18px&#8221; text_orientation=&#8221;center&#8221; background_layout=&#8221;dark&#8221; animation=&#8221;off&#8221; link_option_url=&#8221;\/en\/category\/power-hydraulics\/hydromotors\/&#8221; global_colors_info=&#8221;{}&#8221;][\/et_pb_blurb][\/et_pb_column][et_pb_column type=&#8221;1_4&#8243; module_class=&#8221;flexbetw&#8221; _builder_version=&#8221;4.17.4&#8243; _module_preset=&#8221;default&#8221; global_colors_info=&#8221;{}&#8221;][et_pb_blurb title=&#8221;Distributors&#8221; image=&#8221;https:\/\/roch.pl\/wp-content\/uploads\/2022\/05\/rozdzielacze-1.png&#8221; _builder_version=&#8221;4.18.0&#8243; _module_preset=&#8221;default&#8221; header_level=&#8221;h2&#8243; header_font=&#8221;|600||on|||||&#8221; header_font_size=&#8221;18px&#8221; text_orientation=&#8221;center&#8221; background_layout=&#8221;dark&#8221; animation=&#8221;off&#8221; link_option_url=&#8221;\/en\/category\/power-hydraulics\/distributors\/&#8221; global_colors_info=&#8221;{}&#8221;][\/et_pb_blurb][et_pb_blurb title=&#8221;Cylinders&#8221; image=&#8221;https:\/\/roch.pl\/wp-content\/uploads\/2022\/05\/silowniki-1.png&#8221; _builder_version=&#8221;4.18.0&#8243; _module_preset=&#8221;default&#8221; header_level=&#8221;h2&#8243; header_font=&#8221;|600||on|||||&#8221; header_font_size=&#8221;18px&#8221; text_orientation=&#8221;center&#8221; background_layout=&#8221;dark&#8221; animation=&#8221;off&#8221; link_option_url=&#8221;\/en\/category\/power-hydraulics\/cylinders\/&#8221; global_colors_info=&#8221;{}&#8221;][\/et_pb_blurb][\/et_pb_column][et_pb_column type=&#8221;1_4&#8243; module_class=&#8221;flexbetw&#8221; _builder_version=&#8221;4.17.4&#8243; _module_preset=&#8221;default&#8221; global_colors_info=&#8221;{}&#8221;][et_pb_blurb title=&#8221;Swivel Joint&#8221; image=&#8221;https:\/\/roch.pl\/wp-content\/uploads\/2022\/05\/obrotnice-1.png&#8221; _builder_version=&#8221;4.18.0&#8243; _module_preset=&#8221;default&#8221; header_level=&#8221;h2&#8243; header_font=&#8221;|600||on|||||&#8221; header_font_size=&#8221;18px&#8221; text_orientation=&#8221;center&#8221; background_layout=&#8221;dark&#8221; animation=&#8221;off&#8221; link_option_url=&#8221;\/en\/category\/power-hydraulics\/swivel-joint\/&#8221; global_colors_info=&#8221;{}&#8221;][\/et_pb_blurb][et_pb_blurb title=&#8221;Distributor Gearbox&#8221; image=&#8221;https:\/\/roch.pl\/wp-content\/uploads\/2022\/05\/zmienniki-1.png&#8221; _builder_version=&#8221;4.18.0&#8243; _module_preset=&#8221;default&#8221; header_level=&#8221;h2&#8243; header_font=&#8221;|600||on|||||&#8221; header_font_size=&#8221;18px&#8221; text_orientation=&#8221;center&#8221; background_layout=&#8221;dark&#8221; animation=&#8221;off&#8221; link_option_url=&#8221;\/en\/category\/power-hydraulics\/distributor-gearbox\/&#8221; global_colors_info=&#8221;{}&#8221;][\/et_pb_blurb][\/et_pb_column][et_pb_column type=&#8221;1_4&#8243; module_class=&#8221;flexbetw&#8221; _builder_version=&#8221;4.17.4&#8243; _module_preset=&#8221;default&#8221; global_colors_info=&#8221;{}&#8221;][et_pb_blurb title=&#8221;Spare parts&#8221; image=&#8221;https:\/\/roch.pl\/wp-content\/uploads\/2022\/05\/czesci-zamienne-1.png&#8221; _builder_version=&#8221;4.18.0&#8243; _module_preset=&#8221;default&#8221; header_level=&#8221;h2&#8243; header_font=&#8221;|600||on|||||&#8221; header_font_size=&#8221;18px&#8221; text_orientation=&#8221;center&#8221; background_layout=&#8221;dark&#8221; animation=&#8221;off&#8221; link_option_url=&#8221;\/en\/category\/power-hydraulics\/spare-parts\/&#8221; global_colors_info=&#8221;{}&#8221;][\/et_pb_blurb][et_pb_blurb title=&#8221;Coolers&#8221; image=&#8221;https:\/\/roch.pl\/wp-content\/uploads\/2022\/05\/chlodnice-1.png&#8221; _builder_version=&#8221;4.18.0&#8243; _module_preset=&#8221;default&#8221; header_level=&#8221;h2&#8243; header_font=&#8221;|600||on|||||&#8221; header_font_size=&#8221;18px&#8221; text_orientation=&#8221;center&#8221; background_layout=&#8221;dark&#8221; animation=&#8221;off&#8221; link_option_url=&#8221;\/en\/category\/power-hydraulics\/coolers\/&#8221; global_colors_info=&#8221;{}&#8221;][\/et_pb_blurb][\/et_pb_column][\/et_pb_row][\/et_pb_section][et_pb_section fb_built=&#8221;1&#8243; _builder_version=&#8221;4.17.4&#8243; _module_preset=&#8221;default&#8221; background_color=&#8221;RGBA(255,255,255,0)&#8221; custom_padding=&#8221;38px||||false|false&#8221; global_colors_info=&#8221;{}&#8221;][et_pb_row _builder_version=&#8221;4.17.4&#8243; _module_preset=&#8221;default&#8221; global_colors_info=&#8221;{}&#8221;][et_pb_column type=&#8221;4_4&#8243; _builder_version=&#8221;4.17.3&#8243; _module_preset=&#8221;default&#8221; global_colors_info=&#8221;{}&#8221;][et_pb_post_title meta=&#8221;off&#8221; featured_image=&#8221;off&#8221; _builder_version=&#8221;4.17.4&#8243; _module_preset=&#8221;default&#8221; text_orientation=&#8221;center&#8221; custom_margin=&#8221;||0px|||&#8221; global_colors_info=&#8221;{}&#8221;][\/et_pb_post_title][et_pb_text _builder_version=&#8221;4.18.0&#8243; _module_preset=&#8221;default&#8221; text_font=&#8221;||||||||&#8221; text_orientation=&#8221;center&#8221; custom_margin=&#8221;||21px||false|false&#8221; hover_enabled=&#8221;0&#8243; global_colors_info=&#8221;{}&#8221; sticky_enabled=&#8221;0&#8243;]<\/p>\n<p>Our current products<\/p>\n<p>[\/et_pb_text][et_pb_code _builder_version=&#8221;4.17.4&#8243; _module_preset=&#8221;default&#8221; global_colors_info=&#8221;{}&#8221;]<div id='product-boxes' class='blog-posts'><input name='langurl' id='langurl' type='hidden' value='https:\/\/roch.pl\/en'><input name='kategoria' id='kategoria' type='hidden' value=''><input name='danewyszukiwarki' id='danewyszukiwarki' type='hidden' value='[]'><\/div>\r\n\t<div class='loadmore' id='load_data_message' style='text-align: center;'><br><img src='https:\/\/roch.pl\/en\/wp-content\/uploads\/2022\/07\/Loading_icon.gif' width='150'><br><\/div>[\/et_pb_code][et_pb_divider color=&#8221;#FFFFFF&#8221; divider_weight=&#8221;2px&#8221; _builder_version=&#8221;4.17.3&#8243; _module_preset=&#8221;default&#8221; width=&#8221;40px&#8221; module_alignment=&#8221;center&#8221; custom_margin=&#8221;0px||0px||false|false&#8221; global_colors_info=&#8221;{}&#8221;][\/et_pb_divider][\/et_pb_column][\/et_pb_row][\/et_pb_section]<\/p>\n","protected":false},"excerpt":{"rendered":"<p>Search from 20 000 available parts for machines and devices<div class=\"et_pb_module et_pb_search et_pb_search_0  et_pb_text_align_left et_pb_bg_layout_light\"><form role=\"search\" method=\"get\" class=\"et_pb_searchform1\" action=\"https:\/\/roch.pl\/en\/en\/power-hydraulics\/offer\/\">\r\n<div><label class=\"screen-reader-text\" for=\"s\">Szukaj:<\/label><input type=\"text\" name=\"wyszukaj\" min=\"3\" max=\"30\" class=\"et_pb_s blubrd\" style=\"padding-right: 71.5333px;\" placeholder=\"name, symbol, number from the nameplate\">\r\n<DIV style=\"float:right;\" class=\"katpoz\"><DIV class=\"sep2x20 sepa1\"><\/DIV><select name=\"kategoria\" class=\"sel-kateg\"><option value=\"\">CATEGORY<\/option><option value=\"pompy\">Pumps<\/option><option value=\"hydromotory\">Hydromotors<\/option><option value=\"rozdzielacze\">Distributors<\/option><option value=\"silowniki\">Cylinders<\/option><option value=\"obrotnice\">Swivel Joint<\/option><option value=\"zmienniki\">Distributor Gearbox<\/option><option value=\"czesci-zamienne\">Spare parts<\/option><option value=\"chlodnice\">Coolers<\/option><\/select>\t\t\t\t\t\t\t\t\t\t\r\n<DIV class=\"sep2x20 sepa2\"><\/DIV><input type=\"submit\" value=\"\" class=\" blusub arrsercz\" ><\/DIV><\/div><\/form><p style=\"text-align:center\"><a href=\"#\" class=\"zaawan swicz\">&raquo; Advanced search<\/a><\/p><\/div>\r\nAdvanced searchWyszukaj spo\u015br\u00f3d 20 000 dost\u0119pnych cz\u0119\u015bci do maszyn i urz\u0105dze\u0144<div id=\"sform1\" class=\"et_pb_module et_pb_search et_pb_search_0  et_pb_text_align_left et_pb_bg_layout_light\"><form name=\"fs1\" role=\"search\" method=\"get\" class=\"et_pb_searchform2\" action=\"https:\/\/roch.pl\/en\/en\/power-hydraulics\/offer\/\"><div>\r\n\t<input type=\"text\" name=\"wyszukaj\" min=\"3\" max=\"30\" class=\"et_pb_s ext_f ext_1\" placeholder=\"Manufacturer (e.g. Caterpillar)\"><input type=\"submit\" value=\"\" class=\" ext_f ext_2\" ><input type=\"text\" name=\"typ\" min=\"2\" max=\"50\" class=\"ext_f ext_3\" style=\"\" placeholder=\"TYPE (e.g. A8V0 107)\"><input type=\"text\" name=\"machine\" min=\"2\" max=\"50\" class=\"ext_f ext_4\" style=\"\" placeholder=\"Fits machine (e.g. Liebherr R924)\">\t\t\t\t\r\n\t<\/div><\/form><p style=\"text-align:center\"><a href=\"#\" class=\"siimple swicz\">&raquo; Regular search<\/a><\/p><\/div>\r\n\t<div id=\"sform2\" class=\"et_pb_module et_pb_search et_pb_search_0  et_pb_text_align_left et_pb_bg_layout_light\" style=\"display:none\"><form name=\"fs2\" role=\"search\" method=\"get\" class=\"et_pb_searchform2\" action=\"https:\/\/roch.pl\/en\/en\/power-hydraulics\/offer\/\"><div>\r\n\t<input type=\"text\" name=\"wyszukaj\" min=\"3\" max=\"30\" class=\"et_pb_s ext_f ext_1\" placeholder=\"Manufacturer (e.g. Caterpillar)\"><input type=\"submit\" value=\"\" class=\" ext_f ext_2\" ><input type=\"text\" name=\"typ\" min=\"2\" max=\"50\" class=\"ext_f ext_3\" style=\"\" placeholder=\"TYPE (e.g. A8V0 107)\"><input type=\"text\" name=\"machine\" min=\"2\" max=\"50\" class=\"ext_f ext_4\" style=\"\" placeholder=\"Fits machine (e.g. Liebherr R924)\">\t\t\t\t\r\n\t<input type=\"hidden\" name=\"kategoria\" value=\"silowniki\"><input type=\"text\" name=\"p_l\" min=\"2\" max=\"50\" class=\"ext_f ext_5\" style=\"\" placeholder=\"L\"><input type=\"text\" name=\"p_c\" min=\"2\" max=\"50\" class=\"ext_f ext_6\" placeholder=\"C\"><input type=\"text\" name=\"p_t\" min=\"2\" max=\"50\" class=\"ext_f ext_7\" style=\"\" placeholder=\"T\">\t\t\t\t\r\n\t<input type=\"text\" name=\"p_s\" min=\"2\" max=\"50\" class=\"ext_f ext_8\" style=\"\" placeholder=\"S1\/S2\"><input type=\"text\" name=\"p_u\" min=\"2\" max=\"50\" class=\"ext_f ext_9\" placeholder=\"U1\/U2\"><div class=\"szkic\"><a href=\"#parametry\" id=\"lightbox-trigger-wymiary\" class=\"lightbox-trigger-wymiary\">See sketch with parameters<\/a><\/div>\t\r\n\t<\/div><\/form><p style=\"text-align:center\"><a href=\"#\" class=\"siimple swicz\">&raquo; Regular search<\/a><\/p><\/div>\r\n\t [ C ]Our current products<div id='product-boxes' class='blog-posts'><input name='langurl' id='langurl' type='hidden' value='https:\/\/roch.pl\/en'><input name='kategoria' id='kategoria' type='hidden' value=''><input name='danewyszukiwarki' id='danewyszukiwarki' type='hidden' value='[]'><\/div>\r\n\t<div class='loadmore' id='load_data_message' style='text-align: center;'><br><img src='https:\/\/roch.pl\/en\/wp-content\/uploads\/2022\/07\/Loading_icon.gif' width='150'><br><\/div><\/p>\n","protected":false},"author":1,"featured_media":0,"parent":321,"menu_order":0,"comment_status":"closed","ping_status":"closed","template":"","meta":{"_et_pb_use_builder":"on","_et_pb_old_content":"","_et_gb_content_width":""},"_links":{"self":[{"href":"https:\/\/roch.pl\/en\/wp-json\/wp\/v2\/pages\/1054"}],"collection":[{"href":"https:\/\/roch.pl\/en\/wp-json\/wp\/v2\/pages"}],"about":[{"href":"https:\/\/roch.pl\/en\/wp-json\/wp\/v2\/types\/page"}],"author":[{"embeddable":true,"href":"https:\/\/roch.pl\/en\/wp-json\/wp\/v2\/users\/1"}],"replies":[{"embeddable":true,"href":"https:\/\/roch.pl\/en\/wp-json\/wp\/v2\/comments?post=1054"}],"version-history":[{"count":15,"href":"https:\/\/roch.pl\/en\/wp-json\/wp\/v2\/pages\/1054\/revisions"}],"predecessor-version":[{"id":35033,"href":"https:\/\/roch.pl\/en\/wp-json\/wp\/v2\/pages\/1054\/revisions\/35033"}],"up":[{"embeddable":true,"href":"https:\/\/roch.pl\/en\/wp-json\/wp\/v2\/pages\/321"}],"wp:attachment":[{"href":"https:\/\/roch.pl\/en\/wp-json\/wp\/v2\/media?parent=1054"}],"curies":[{"name":"wp","href":"https:\/\/api.w.org\/{rel}","templated":true}]}}