{"id":45881,"date":"2026-04-22T05:15:55","date_gmt":"2026-04-22T03:15:55","guid":{"rendered":"https:\/\/roch.pl\/en\/catalog\/product\/producent-nieznany-ospc-160-cn-zamiennik-danfoss\/"},"modified":"2026-04-22T05:15:56","modified_gmt":"2026-04-22T03:15:56","slug":"producent-nieznany-ospc-160-cn-zamiennik-danfoss","status":"publish","type":"product","link":"https:\/\/roch.pl\/en\/catalog\/product\/producent-nieznany-ospc-160-cn-zamiennik-danfoss\/","title":{"rendered":"PRODUCENT NIEZNANY OSPC 160 CN ( Zamiennik Danfoss )"},"content":{"rendered":"<p>Kategoria &#8211; Orbitrole<br \/>\nProducent &#8211; PRODUCENT NIEZNANY<br \/>\nModel rozszerzenie &#8211; ( 4 wloty, gniazdo 12 z\u0119b\u00f3w fi 21mm, grupa robocza 21mm, fi centruj\u0105ce 44mm, rozstaw \u015brub 59x59mm )<br \/>\nNumer producenta &#8211; ORBITROL &#8211; STEERING ORBITROL<br \/>\nDo maszyny &#8211; MASZYNY ROLNICZE  MASZYNY BUDOWLANE<br \/>\nNumer wewn\u0119trzny &#8211; 5094MAG01<\/p>\n","protected":false},"excerpt":{"rendered":"<p>OSPC 160 CN ( Zamiennik Danfoss ) <\/p>\n","protected":false},"featured_media":0,"template":"","meta":{"_et_pb_use_builder":"","_et_pb_old_content":"","_et_gb_content_width":""},"product_cat":[83,69],"product_tag":[],"_links":{"self":[{"href":"https:\/\/roch.pl\/en\/wp-json\/wp\/v2\/product\/45881"}],"collection":[{"href":"https:\/\/roch.pl\/en\/wp-json\/wp\/v2\/product"}],"about":[{"href":"https:\/\/roch.pl\/en\/wp-json\/wp\/v2\/types\/product"}],"wp:attachment":[{"href":"https:\/\/roch.pl\/en\/wp-json\/wp\/v2\/media?parent=45881"}],"wp:term":[{"taxonomy":"product_cat","embeddable":true,"href":"https:\/\/roch.pl\/en\/wp-json\/wp\/v2\/product_cat?post=45881"},{"taxonomy":"product_tag","embeddable":true,"href":"https:\/\/roch.pl\/en\/wp-json\/wp\/v2\/product_tag?post=45881"}],"curies":[{"name":"wp","href":"https:\/\/api.w.org\/{rel}","templated":true}]}}